{"id":244,"date":"2026-04-12T11:08:29","date_gmt":"2026-04-12T09:08:29","guid":{"rendered":"https:\/\/molussia.mustachecreative.com\/?post_type=product&#038;p=244"},"modified":"2026-04-13T11:02:25","modified_gmt":"2026-04-13T09:02:25","slug":"escultura-sintecho","status":"publish","type":"product","link":"https:\/\/molussia.mustachecreative.com\/index.php\/producto\/escultura-sintecho\/","title":{"rendered":"Escultura sintecho: Un estudio sobre Rodin"},"content":{"rendered":"<h3>Datos t\u00e9cnicos<\/h3>\n<ul style=\"list-style-type: none; margin-top: 10px;\">\n<li style=\"border-bottom: solid 1px #000000; padding: 5px 0px;\"><strong>ISBN<\/strong>: 978-84-129744-0-9<\/li>\n<li style=\"border-bottom: solid 1px #000000; padding: 5px 0px;\"><strong>N\u00famero de p\u00e1ginas<\/strong>: 110<\/li>\n<li style=\"border-bottom: solid 1px #000000; padding: 5px 0px;\"><strong>Fecha de publicaci\u00f3n<\/strong>: diciembre de 2024<\/li>\n<li style=\"border-bottom: solid 1px #000000; padding: 5px 0px;\"><strong>PVP (IVA incluido)<\/strong>: 14,80 \u20ac<\/li>\n<li><strong>Bolet\u00edn de novedades<\/strong>: 2025<\/li>\n<\/ul>\n","protected":false},"excerpt":{"rendered":"<p>Ensayo de G\u00fcnther Anders sobre la obra escult\u00f3rica de Auguste Rodin, escrito durante su exilio en Estados Unidos en los a\u00f1os cuarenta.<\/p>\n<p>Una reflexi\u00f3n sobre el arte, el movimiento y la condici\u00f3n humana que inaugura el cat\u00e1logo de ensayo de Molussia Editores.<\/p>\n","protected":false},"featured_media":339,"comment_status":"open","ping_status":"closed","template":"","meta":{"_et_pb_use_builder":"","_et_pb_old_content":"","_et_gb_content_width":""},"product_brand":[],"product_cat":[19,20],"product_tag":[],"class_list":{"0":"post-244","1":"product","2":"type-product","3":"status-publish","4":"has-post-thumbnail","6":"product_cat-autor","7":"product_cat-gunther-anders","9":"first","10":"instock","11":"shipping-taxable","12":"purchasable","13":"product-type-simple"},"yoast_head":"<!-- This site is optimized with the Yoast SEO plugin v27.4 - https:\/\/yoast.com\/product\/yoast-seo-wordpress\/ -->\n<title>Escultura sintecho: Un estudio sobre Rodin - Molussia Editores<\/title>\n<meta name=\"robots\" content=\"index, follow, max-snippet:-1, max-image-preview:large, max-video-preview:-1\" \/>\n<link rel=\"canonical\" href=\"https:\/\/molussia.mustachecreative.com\/index.php\/producto\/escultura-sintecho\/\" \/>\n<meta property=\"og:locale\" content=\"es_ES\" \/>\n<meta property=\"og:type\" content=\"article\" \/>\n<meta property=\"og:title\" content=\"Escultura sintecho: Un estudio sobre Rodin - Molussia Editores\" \/>\n<meta property=\"og:description\" content=\"Ensayo de G\u00fcnther Anders sobre la obra escult\u00f3rica de Auguste Rodin, escrito durante su exilio en Estados Unidos en los a\u00f1os cuarenta.  Una reflexi\u00f3n sobre el arte, el movimiento y la condici\u00f3n humana que inaugura el cat\u00e1logo de ensayo de Molussia Editores.\" \/>\n<meta property=\"og:url\" content=\"https:\/\/molussia.mustachecreative.com\/index.php\/producto\/escultura-sintecho\/\" \/>\n<meta property=\"og:site_name\" content=\"Molussia Editores\" \/>\n<meta property=\"article:modified_time\" content=\"2026-04-13T09:02:25+00:00\" \/>\n<meta property=\"og:image\" content=\"https:\/\/molussia.mustachecreative.com\/wp-content\/uploads\/2026\/03\/d41adfeb16da482897ad83b1f6ec898e4pKYycMejVUPjtUO-0.jpg\" \/>\n\t<meta property=\"og:image:width\" content=\"866\" \/>\n\t<meta property=\"og:image:height\" content=\"1417\" \/>\n\t<meta property=\"og:image:type\" content=\"image\/jpeg\" \/>\n<meta name=\"twitter:card\" content=\"summary_large_image\" \/>\n<meta name=\"twitter:label1\" content=\"Tiempo de lectura\" \/>\n\t<meta name=\"twitter:data1\" content=\"1 minuto\" \/>\n<script type=\"application\/ld+json\" class=\"yoast-schema-graph\">{\"@context\":\"https:\\\/\\\/schema.org\",\"@graph\":[{\"@type\":\"WebPage\",\"@id\":\"https:\\\/\\\/molussia.mustachecreative.com\\\/index.php\\\/producto\\\/escultura-sintecho\\\/\",\"url\":\"https:\\\/\\\/molussia.mustachecreative.com\\\/index.php\\\/producto\\\/escultura-sintecho\\\/\",\"name\":\"Escultura sintecho: Un estudio sobre Rodin - Molussia Editores\",\"isPartOf\":{\"@id\":\"https:\\\/\\\/molussia.mustachecreative.com\\\/#website\"},\"primaryImageOfPage\":{\"@id\":\"https:\\\/\\\/molussia.mustachecreative.com\\\/index.php\\\/producto\\\/escultura-sintecho\\\/#primaryimage\"},\"image\":{\"@id\":\"https:\\\/\\\/molussia.mustachecreative.com\\\/index.php\\\/producto\\\/escultura-sintecho\\\/#primaryimage\"},\"thumbnailUrl\":\"https:\\\/\\\/molussia.mustachecreative.com\\\/wp-content\\\/uploads\\\/2026\\\/03\\\/d41adfeb16da482897ad83b1f6ec898e4pKYycMejVUPjtUO-0.jpg\",\"datePublished\":\"2026-04-12T09:08:29+00:00\",\"dateModified\":\"2026-04-13T09:02:25+00:00\",\"breadcrumb\":{\"@id\":\"https:\\\/\\\/molussia.mustachecreative.com\\\/index.php\\\/producto\\\/escultura-sintecho\\\/#breadcrumb\"},\"inLanguage\":\"es\",\"potentialAction\":[{\"@type\":\"ReadAction\",\"target\":[\"https:\\\/\\\/molussia.mustachecreative.com\\\/index.php\\\/producto\\\/escultura-sintecho\\\/\"]}]},{\"@type\":\"ImageObject\",\"inLanguage\":\"es\",\"@id\":\"https:\\\/\\\/molussia.mustachecreative.com\\\/index.php\\\/producto\\\/escultura-sintecho\\\/#primaryimage\",\"url\":\"https:\\\/\\\/molussia.mustachecreative.com\\\/wp-content\\\/uploads\\\/2026\\\/03\\\/d41adfeb16da482897ad83b1f6ec898e4pKYycMejVUPjtUO-0.jpg\",\"contentUrl\":\"https:\\\/\\\/molussia.mustachecreative.com\\\/wp-content\\\/uploads\\\/2026\\\/03\\\/d41adfeb16da482897ad83b1f6ec898e4pKYycMejVUPjtUO-0.jpg\",\"width\":866,\"height\":1417},{\"@type\":\"BreadcrumbList\",\"@id\":\"https:\\\/\\\/molussia.mustachecreative.com\\\/index.php\\\/producto\\\/escultura-sintecho\\\/#breadcrumb\",\"itemListElement\":[{\"@type\":\"ListItem\",\"position\":1,\"name\":\"Portada\",\"item\":\"https:\\\/\\\/molussia.mustachecreative.com\\\/\"},{\"@type\":\"ListItem\",\"position\":2,\"name\":\"Tienda\",\"item\":\"https:\\\/\\\/molussia.mustachecreative.com\\\/index.php\\\/tienda\\\/\"},{\"@type\":\"ListItem\",\"position\":3,\"name\":\"Escultura sintecho: Un estudio sobre Rodin\"}]},{\"@type\":\"WebSite\",\"@id\":\"https:\\\/\\\/molussia.mustachecreative.com\\\/#website\",\"url\":\"https:\\\/\\\/molussia.mustachecreative.com\\\/\",\"name\":\"Molussia Editores\",\"description\":\"\",\"potentialAction\":[{\"@type\":\"SearchAction\",\"target\":{\"@type\":\"EntryPoint\",\"urlTemplate\":\"https:\\\/\\\/molussia.mustachecreative.com\\\/?s={search_term_string}\"},\"query-input\":{\"@type\":\"PropertyValueSpecification\",\"valueRequired\":true,\"valueName\":\"search_term_string\"}}],\"inLanguage\":\"es\"}]}<\/script>\n<!-- \/ Yoast SEO plugin. -->","yoast_head_json":{"title":"Escultura sintecho: Un estudio sobre Rodin - Molussia Editores","robots":{"index":"index","follow":"follow","max-snippet":"max-snippet:-1","max-image-preview":"max-image-preview:large","max-video-preview":"max-video-preview:-1"},"canonical":"https:\/\/molussia.mustachecreative.com\/index.php\/producto\/escultura-sintecho\/","og_locale":"es_ES","og_type":"article","og_title":"Escultura sintecho: Un estudio sobre Rodin - Molussia Editores","og_description":"Ensayo de G\u00fcnther Anders sobre la obra escult\u00f3rica de Auguste Rodin, escrito durante su exilio en Estados Unidos en los a\u00f1os cuarenta.  Una reflexi\u00f3n sobre el arte, el movimiento y la condici\u00f3n humana que inaugura el cat\u00e1logo de ensayo de Molussia Editores.","og_url":"https:\/\/molussia.mustachecreative.com\/index.php\/producto\/escultura-sintecho\/","og_site_name":"Molussia Editores","article_modified_time":"2026-04-13T09:02:25+00:00","og_image":[{"width":866,"height":1417,"url":"https:\/\/molussia.mustachecreative.com\/wp-content\/uploads\/2026\/03\/d41adfeb16da482897ad83b1f6ec898e4pKYycMejVUPjtUO-0.jpg","type":"image\/jpeg"}],"twitter_card":"summary_large_image","twitter_misc":{"Tiempo de lectura":"1 minuto"},"schema":{"@context":"https:\/\/schema.org","@graph":[{"@type":"WebPage","@id":"https:\/\/molussia.mustachecreative.com\/index.php\/producto\/escultura-sintecho\/","url":"https:\/\/molussia.mustachecreative.com\/index.php\/producto\/escultura-sintecho\/","name":"Escultura sintecho: Un estudio sobre Rodin - Molussia Editores","isPartOf":{"@id":"https:\/\/molussia.mustachecreative.com\/#website"},"primaryImageOfPage":{"@id":"https:\/\/molussia.mustachecreative.com\/index.php\/producto\/escultura-sintecho\/#primaryimage"},"image":{"@id":"https:\/\/molussia.mustachecreative.com\/index.php\/producto\/escultura-sintecho\/#primaryimage"},"thumbnailUrl":"https:\/\/molussia.mustachecreative.com\/wp-content\/uploads\/2026\/03\/d41adfeb16da482897ad83b1f6ec898e4pKYycMejVUPjtUO-0.jpg","datePublished":"2026-04-12T09:08:29+00:00","dateModified":"2026-04-13T09:02:25+00:00","breadcrumb":{"@id":"https:\/\/molussia.mustachecreative.com\/index.php\/producto\/escultura-sintecho\/#breadcrumb"},"inLanguage":"es","potentialAction":[{"@type":"ReadAction","target":["https:\/\/molussia.mustachecreative.com\/index.php\/producto\/escultura-sintecho\/"]}]},{"@type":"ImageObject","inLanguage":"es","@id":"https:\/\/molussia.mustachecreative.com\/index.php\/producto\/escultura-sintecho\/#primaryimage","url":"https:\/\/molussia.mustachecreative.com\/wp-content\/uploads\/2026\/03\/d41adfeb16da482897ad83b1f6ec898e4pKYycMejVUPjtUO-0.jpg","contentUrl":"https:\/\/molussia.mustachecreative.com\/wp-content\/uploads\/2026\/03\/d41adfeb16da482897ad83b1f6ec898e4pKYycMejVUPjtUO-0.jpg","width":866,"height":1417},{"@type":"BreadcrumbList","@id":"https:\/\/molussia.mustachecreative.com\/index.php\/producto\/escultura-sintecho\/#breadcrumb","itemListElement":[{"@type":"ListItem","position":1,"name":"Portada","item":"https:\/\/molussia.mustachecreative.com\/"},{"@type":"ListItem","position":2,"name":"Tienda","item":"https:\/\/molussia.mustachecreative.com\/index.php\/tienda\/"},{"@type":"ListItem","position":3,"name":"Escultura sintecho: Un estudio sobre Rodin"}]},{"@type":"WebSite","@id":"https:\/\/molussia.mustachecreative.com\/#website","url":"https:\/\/molussia.mustachecreative.com\/","name":"Molussia Editores","description":"","potentialAction":[{"@type":"SearchAction","target":{"@type":"EntryPoint","urlTemplate":"https:\/\/molussia.mustachecreative.com\/?s={search_term_string}"},"query-input":{"@type":"PropertyValueSpecification","valueRequired":true,"valueName":"search_term_string"}}],"inLanguage":"es"}]}},"_links":{"self":[{"href":"https:\/\/molussia.mustachecreative.com\/index.php\/wp-json\/wp\/v2\/product\/244","targetHints":{"allow":["GET"]}}],"collection":[{"href":"https:\/\/molussia.mustachecreative.com\/index.php\/wp-json\/wp\/v2\/product"}],"about":[{"href":"https:\/\/molussia.mustachecreative.com\/index.php\/wp-json\/wp\/v2\/types\/product"}],"replies":[{"embeddable":true,"href":"https:\/\/molussia.mustachecreative.com\/index.php\/wp-json\/wp\/v2\/comments?post=244"}],"wp:featuredmedia":[{"embeddable":true,"href":"https:\/\/molussia.mustachecreative.com\/index.php\/wp-json\/wp\/v2\/media\/339"}],"wp:attachment":[{"href":"https:\/\/molussia.mustachecreative.com\/index.php\/wp-json\/wp\/v2\/media?parent=244"}],"wp:term":[{"taxonomy":"product_brand","embeddable":true,"href":"https:\/\/molussia.mustachecreative.com\/index.php\/wp-json\/wp\/v2\/product_brand?post=244"},{"taxonomy":"product_cat","embeddable":true,"href":"https:\/\/molussia.mustachecreative.com\/index.php\/wp-json\/wp\/v2\/product_cat?post=244"},{"taxonomy":"product_tag","embeddable":true,"href":"https:\/\/molussia.mustachecreative.com\/index.php\/wp-json\/wp\/v2\/product_tag?post=244"}],"curies":[{"name":"wp","href":"https:\/\/api.w.org\/{rel}","templated":true}]}}