{"id":32,"date":"2025-12-17T11:03:53","date_gmt":"2025-12-17T10:03:53","guid":{"rendered":"https:\/\/molussia.mustachecreative.com\/?page_id=32"},"modified":"2026-04-15T13:12:04","modified_gmt":"2026-04-15T11:12:04","slug":"contacto","status":"publish","type":"page","link":"https:\/\/molussia.mustachecreative.com\/index.php\/contacto\/","title":{"rendered":"Contacto"},"content":{"rendered":"<p>[et_pb_section fb_built=\u00bb1&#8243; custom_padding_last_edited=\u00bbon|tablet\u00bb admin_label=\u00bbHeader Section\u00bb _builder_version=\u00bb4.27.6&#8243; use_background_color_gradient=\u00bbon\u00bb background_color_gradient_stops=\u00bb#ffffff 15%|rgba(255,255,255,0) 100%\u00bb background_color_gradient_overlays_image=\u00bbon\u00bb background_color_gradient_start=\u00bb#ffffff\u00bb background_color_gradient_start_position=\u00bb40%\u00bb background_color_gradient_end=\u00bbrgba(255,255,255,0)\u00bb background_image=\u00bbhttps:\/\/molussia.mustachecreative.com\/wp-content\/uploads\/2025\/12\/Diseno-sin-titulo-2025-12-18T112043.691.png\u00bb background_position=\u00bbbottom_center\u00bb custom_padding=\u00bb8%|0px|8%|0px|true|false\u00bb custom_padding_tablet=\u00bb6%|0px|6%|0px|true|false\u00bb custom_padding_phone=\u00bb6%|0px|6%|0px|true|false\u00bb locked=\u00bboff\u00bb global_colors_info=\u00bb{}\u00bb][et_pb_row admin_label=\u00bbHeader Row\u00bb _builder_version=\u00bb4.27.6&#8243; global_colors_info=\u00bb{}\u00bb][et_pb_column type=\u00bb4_4&#8243; _builder_version=\u00bb4.16&#8243; custom_padding=\u00bb|||\u00bb global_colors_info=\u00bb{}\u00bb custom_padding__hover=\u00bb|||\u00bb][et_pb_text _builder_version=\u00bb4.27.6&#8243; text_font=\u00bbOpen Sans|600|||||||\u00bb text_font_size=\u00bb16px\u00bb text_line_height=\u00bb1.8em\u00bb header_font=\u00bbCormorant Garamond|600||on|||||\u00bb header_font_size=\u00bb60px\u00bb header_letter_spacing=\u00bb5px\u00bb header_line_height=\u00bb1.4em\u00bb text_orientation=\u00bbcenter\u00bb max_width=\u00bb700px\u00bb module_alignment=\u00bbcenter\u00bb animation_style=\u00bbfade\u00bb header_font_size_tablet=\u00bb45px\u00bb header_font_size_phone=\u00bb35px\u00bb header_font_size_last_edited=\u00bbon|tablet\u00bb header_letter_spacing_tablet=\u00bb5px\u00bb header_letter_spacing_phone=\u00bb3px\u00bb header_letter_spacing_last_edited=\u00bbon|phone\u00bb global_colors_info=\u00bb{}\u00bb]<\/p>\n<h1>Contacto<\/h1>\n<p>[\/et_pb_text][\/et_pb_column][\/et_pb_row][\/et_pb_section][et_pb_section fb_built=\u00bb1&#8243; custom_padding_last_edited=\u00bbon|tablet\u00bb admin_label=\u00bbContact Section\u00bb _builder_version=\u00bb4.27.6&#8243; background_color=\u00bb#f5f3e9&#8243; background_enable_image=\u00bboff\u00bb background_position=\u00bbbottom_center\u00bb custom_padding_tablet=\u00bb20px||20px||true|false\u00bb custom_padding_phone=\u00bb20px||20px||true|false\u00bb saved_tabs=\u00bball\u00bb global_colors_info=\u00bb{}\u00bb][et_pb_row column_structure=\u00bb1_2,1_2&#8243; make_equal=\u00bbon\u00bb admin_label=\u00bbContact Us Row\u00bb _builder_version=\u00bb4.27.6&#8243; global_colors_info=\u00bb{}\u00bb][et_pb_column type=\u00bb1_2&#8243; _builder_version=\u00bb4.27.6&#8243; custom_padding=\u00bb|||\u00bb global_colors_info=\u00bb{}\u00bb custom_padding__hover=\u00bb|||\u00bb][et_pb_text _builder_version=\u00bb4.27.6&#8243; text_font=\u00bbCormorant Garamond|600|||||||\u00bb text_text_color=\u00bb#000000&#8243; text_font_size=\u00bb18px\u00bb text_line_height=\u00bb1.8em\u00bb link_font=\u00bb|700|||on||||\u00bb link_text_color=\u00bb#2a2b30&#8243; header_font=\u00bb||||||||\u00bb header_2_font=\u00bbCormorant Garamond|600|||||||\u00bb header_2_font_size=\u00bb45px\u00bb header_2_line_height=\u00bb1.4em\u00bb module_alignment=\u00bbcenter\u00bb custom_margin=\u00bb||30px||false|false\u00bb custom_margin_tablet=\u00bb0px|||\u00bb custom_margin_phone=\u00bb||20px||false|false\u00bb custom_margin_last_edited=\u00bbon|phone\u00bb animation_style=\u00bbslide\u00bb animation_direction=\u00bbleft\u00bb text_font_size_tablet=\u00bb18px\u00bb text_font_size_phone=\u00bb16px\u00bb text_font_size_last_edited=\u00bbon|tablet\u00bb header_2_font_size_tablet=\u00bb35px\u00bb header_2_font_size_phone=\u00bb30px\u00bb header_2_font_size_last_edited=\u00bbon|tablet\u00bb global_colors_info=\u00bb{}\u00bb]<\/p>\n<h2>Formulario de contacto<\/h2>\n<p data-start=\"122\" data-end=\"240\">Si tienes una consulta, una propuesta o simplemente quieres escribirnos, puedes hacerlo a trav\u00e9s de este formulario.<\/p>\n<p data-start=\"247\" data-end=\"343\">Leemos todos los mensajes con atenci\u00f3n y respondemos cuando el tiempo y el proyecto lo permiten.<\/p>\n<p>Tambi\u00e9n puedes enviarnos un mail a <a href=\"mailto:contacto@molussiaeditores.com\">contacto@molussiaeditores.com<\/a><\/p>\n<p>[\/et_pb_text][et_pb_text _builder_version=\u00bb4.27.6&#8243; text_font=\u00bbInter|600|||||||\u00bb text_font_size=\u00bb16px\u00bb text_line_height=\u00bb1.8em\u00bb link_font=\u00bb|700|||on||||\u00bb link_text_color=\u00bb#2a2b30&#8243; header_font=\u00bb||||||||\u00bb header_2_font=\u00bbBodoni Moda||||||||\u00bb header_2_font_size=\u00bb40px\u00bb header_2_line_height=\u00bb1.4em\u00bb header_3_font=\u00bbCormorant Garamond|700|||||||\u00bb header_3_font_size=\u00bb24px\u00bb header_3_line_height=\u00bb1.4em\u00bb module_alignment=\u00bbcenter\u00bb custom_margin=\u00bb||10px||false|false\u00bb custom_margin_tablet=\u00bb0px|||\u00bb custom_margin_phone=\u00bb|||\u00bb custom_margin_last_edited=\u00bbon|phone\u00bb animation_style=\u00bbslide\u00bb animation_direction=\u00bbleft\u00bb header_3_text_align_tablet=\u00bbcenter\u00bb header_3_text_align_phone=\u00bbcenter\u00bb header_3_text_align_last_edited=\u00bbon|tablet\u00bb header_3_font_size_tablet=\u00bb24px\u00bb header_3_font_size_phone=\u00bb24px\u00bb header_3_font_size_last_edited=\u00bbon|tablet\u00bb global_colors_info=\u00bb{}\u00bb]<\/p>\n<h3>\u00a1S\u00edguenos!<\/h3>\n<p>[\/et_pb_text][et_pb_social_media_follow _builder_version=\u00bb4.27.6&#8243; _module_preset=\u00bbdefault\u00bb animation_style=\u00bbslide\u00bb animation_direction=\u00bbleft\u00bb text_orientation_tablet=\u00bbcenter\u00bb text_orientation_phone=\u00bbcenter\u00bb text_orientation_last_edited=\u00bbon|tablet\u00bb global_colors_info=\u00bb{}\u00bb][et_pb_social_media_follow_network social_network=\u00bbinstagram\u00bb url=\u00bbhttps:\/\/www.instagram.com\/molussiaeditores\/\u00bb _builder_version=\u00bb4.27.6&#8243; _module_preset=\u00bbdefault\u00bb background_color=\u00bb#2a2b30&#8243; background_enable_color=\u00bbon\u00bb global_colors_info=\u00bb{}\u00bb follow_button=\u00bboff\u00bb url_new_window=\u00bbon\u00bb]instagram[\/et_pb_social_media_follow_network][et_pb_social_media_follow_network social_network=\u00bbtwitter\u00bb url=\u00bbhttps:\/\/x.com\/MolussiaEd\u00bb _builder_version=\u00bb4.27.6&#8243; _module_preset=\u00bbdefault\u00bb background_color=\u00bb#2a2b30&#8243; background_enable_color=\u00bbon\u00bb global_colors_info=\u00bb{}\u00bb follow_button=\u00bboff\u00bb url_new_window=\u00bbon\u00bb]X[\/et_pb_social_media_follow_network][\/et_pb_social_media_follow][\/et_pb_column][et_pb_column type=\u00bb1_2&#8243; _builder_version=\u00bb4.27.5&#8243; custom_padding=\u00bb|||\u00bb custom_css_main_element=\u00bbalign-content: center;\u00bb global_colors_info=\u00bb{}\u00bb custom_padding__hover=\u00bb|||\u00bb][et_pb_contact_form captcha=\u00bboff\u00bb submit_button_text=\u00bbEnviar\u00bb _builder_version=\u00bb4.27.6&#8243; _module_preset=\u00bb250a37b2-8393-4f66-9239-518d0275aaf6&#8243; form_field_custom_padding=\u00bb12px|20px|12px|20px|true|true\u00bb form_field_custom_padding_tablet=\u00bb12px|20px|12px|20px|true|true\u00bb form_field_custom_padding_phone=\u00bb12px|10px|12px|10px|true|true\u00bb form_field_custom_padding_last_edited=\u00bbon|phone\u00bb form_field_font=\u00bbCormorant Garamond|700||on|||||\u00bb form_field_font_size=\u00bb16px\u00bb button_text_size=\u00bb16px\u00bb button_font=\u00bbCormorant Garamond|700||on|||||\u00bb animation_style=\u00bbslide\u00bb animation_direction=\u00bbright\u00bb hover_enabled=\u00bb0&#8243; form_field_font_size_tablet=\u00bb16px\u00bb form_field_font_size_phone=\u00bb14px\u00bb form_field_font_size_last_edited=\u00bbon|phone\u00bb locked=\u00bboff\u00bb global_colors_info=\u00bb{%22gcid-93e3f830-9462-456c-bf95-d424ca32e812%22:%91%22form_field_text_color%22,%22border_color_all%22%93}\u00bb sticky_enabled=\u00bb0&#8243;][et_pb_contact_field field_id=\u00bbNombre\u00bb field_title=\u00bbNombre\u00bb fullwidth_field=\u00bbon\u00bb _builder_version=\u00bb4.27.6&#8243; _module_preset=\u00bbdefault\u00bb global_colors_info=\u00bb{}\u00bb button_text_size__hover_enabled=\u00bboff\u00bb button_one_text_size__hover_enabled=\u00bboff\u00bb button_two_text_size__hover_enabled=\u00bboff\u00bb button_text_color__hover_enabled=\u00bboff\u00bb button_one_text_color__hover_enabled=\u00bboff\u00bb button_two_text_color__hover_enabled=\u00bboff\u00bb button_border_width__hover_enabled=\u00bboff\u00bb button_one_border_width__hover_enabled=\u00bboff\u00bb button_two_border_width__hover_enabled=\u00bboff\u00bb button_border_color__hover_enabled=\u00bboff\u00bb button_one_border_color__hover_enabled=\u00bboff\u00bb button_two_border_color__hover_enabled=\u00bboff\u00bb button_border_radius__hover_enabled=\u00bboff\u00bb button_one_border_radius__hover_enabled=\u00bboff\u00bb button_two_border_radius__hover_enabled=\u00bboff\u00bb button_letter_spacing__hover_enabled=\u00bboff\u00bb button_one_letter_spacing__hover_enabled=\u00bboff\u00bb button_two_letter_spacing__hover_enabled=\u00bboff\u00bb button_bg_color__hover_enabled=\u00bboff\u00bb button_one_bg_color__hover_enabled=\u00bboff\u00bb button_two_bg_color__hover_enabled=\u00bboff\u00bb][\/et_pb_contact_field][et_pb_contact_field field_id=\u00bbEmail\u00bb field_title=\u00bbEmail\u00bb field_type=\u00bbemail\u00bb _builder_version=\u00bb4.27.6&#8243; _module_preset=\u00bbdefault\u00bb global_colors_info=\u00bb{}\u00bb button_text_size__hover_enabled=\u00bboff\u00bb button_one_text_size__hover_enabled=\u00bboff\u00bb button_two_text_size__hover_enabled=\u00bboff\u00bb button_text_color__hover_enabled=\u00bboff\u00bb button_one_text_color__hover_enabled=\u00bboff\u00bb button_two_text_color__hover_enabled=\u00bboff\u00bb button_border_width__hover_enabled=\u00bboff\u00bb button_one_border_width__hover_enabled=\u00bboff\u00bb button_two_border_width__hover_enabled=\u00bboff\u00bb button_border_color__hover_enabled=\u00bboff\u00bb button_one_border_color__hover_enabled=\u00bboff\u00bb button_two_border_color__hover_enabled=\u00bboff\u00bb button_border_radius__hover_enabled=\u00bboff\u00bb button_one_border_radius__hover_enabled=\u00bboff\u00bb button_two_border_radius__hover_enabled=\u00bboff\u00bb button_letter_spacing__hover_enabled=\u00bboff\u00bb button_one_letter_spacing__hover_enabled=\u00bboff\u00bb button_two_letter_spacing__hover_enabled=\u00bboff\u00bb button_bg_color__hover_enabled=\u00bboff\u00bb button_one_bg_color__hover_enabled=\u00bboff\u00bb button_two_bg_color__hover_enabled=\u00bboff\u00bb][\/et_pb_contact_field][et_pb_contact_field field_id=\u00bbTelefono\u00bb field_title=\u00bbTel\u00e9fono\u00bb allowed_symbols=\u00bbnumbers\u00bb _builder_version=\u00bb4.27.6&#8243; _module_preset=\u00bbdefault\u00bb global_colors_info=\u00bb{}\u00bb][\/et_pb_contact_field][et_pb_contact_field field_id=\u00bbAsunto\u00bb field_title=\u00bbAsunto\u00bb fullwidth_field=\u00bbon\u00bb _builder_version=\u00bb4.27.6&#8243; _module_preset=\u00bbdefault\u00bb global_colors_info=\u00bb{}\u00bb][\/et_pb_contact_field][et_pb_contact_field field_id=\u00bbMensaje\u00bb field_title=\u00bbMensaje\u00bb field_type=\u00bbtext\u00bb fullwidth_field=\u00bbon\u00bb _builder_version=\u00bb4.27.6&#8243; _module_preset=\u00bbdefault\u00bb global_colors_info=\u00bb{}\u00bb button_text_size__hover_enabled=\u00bboff\u00bb button_one_text_size__hover_enabled=\u00bboff\u00bb button_two_text_size__hover_enabled=\u00bboff\u00bb button_text_color__hover_enabled=\u00bboff\u00bb button_one_text_color__hover_enabled=\u00bboff\u00bb button_two_text_color__hover_enabled=\u00bboff\u00bb button_border_width__hover_enabled=\u00bboff\u00bb button_one_border_width__hover_enabled=\u00bboff\u00bb button_two_border_width__hover_enabled=\u00bboff\u00bb button_border_color__hover_enabled=\u00bboff\u00bb button_one_border_color__hover_enabled=\u00bboff\u00bb button_two_border_color__hover_enabled=\u00bboff\u00bb button_border_radius__hover_enabled=\u00bboff\u00bb button_one_border_radius__hover_enabled=\u00bboff\u00bb button_two_border_radius__hover_enabled=\u00bboff\u00bb button_letter_spacing__hover_enabled=\u00bboff\u00bb button_one_letter_spacing__hover_enabled=\u00bboff\u00bb button_two_letter_spacing__hover_enabled=\u00bboff\u00bb button_bg_color__hover_enabled=\u00bboff\u00bb button_one_bg_color__hover_enabled=\u00bboff\u00bb button_two_bg_color__hover_enabled=\u00bboff\u00bb][\/et_pb_contact_field][et_pb_contact_field field_id=\u00bbAcepto\u00bb field_title=\u00bb \u00bb field_type=\u00bbcheckbox\u00bb checkbox_options=\u00bb%91{%22value%22:%22 Estoy de acuerdo con los t\u00e9rminos y condiciones de Molussia Editores. Acepto la %22,%22checked%22:0,%22dragID%22:-1,%22link_url%22:%22\/index.php\/politica-de-privacidad%22,%22link_text%22:%22Pol\u00edtica de privacidad%22}%93&#8243; fullwidth_field=\u00bbon\u00bb _builder_version=\u00bb4.27.6&#8243; _module_preset=\u00bbdefault\u00bb form_field_font=\u00bbCormorant Garamond|700|||||||\u00bb form_field_font_size=\u00bb16px\u00bb form_field_letter_spacing=\u00bb0.1em\u00bb hover_enabled=\u00bb0&#8243; custom_css_main_element=\u00bbtext-transform: none !important;\u00bb global_colors_info=\u00bb{}\u00bb form_field_font_size_last_edited=\u00bbon|phone\u00bb sticky_enabled=\u00bb0&#8243; form_field_font_size_phone=\u00bb14px\u00bb form_field_letter_spacing_last_edited=\u00bbon|phone\u00bb form_field_letter_spacing_phone=\u00bb0em\u00bb form_field_font_size_tablet=\u00bb16px\u00bb form_field_letter_spacing_tablet=\u00bb0.1em\u00bb][\/et_pb_contact_field][\/et_pb_contact_form][\/et_pb_column][\/et_pb_row][\/et_pb_section]<\/p>\n","protected":false},"excerpt":{"rendered":"<p>ContactoFormulario de contacto Si tienes una consulta, una propuesta o simplemente quieres escribirnos, puedes hacerlo a trav\u00e9s de este formulario. Leemos todos los mensajes con atenci\u00f3n y respondemos cuando el tiempo y el proyecto lo permiten. Tambi\u00e9n puedes enviarnos un mail a contacto@molussiaeditores.com\u00a1S\u00edguenos!<\/p>\n","protected":false},"author":1,"featured_media":0,"parent":0,"menu_order":0,"comment_status":"closed","ping_status":"closed","template":"","meta":{"_et_pb_use_builder":"on","_et_pb_old_content":"<!-- wp:divi\/placeholder \/-->","_et_gb_content_width":"","footnotes":""},"class_list":["post-32","page","type-page","status-publish","hentry"],"yoast_head":"<!-- This site is optimized with the Yoast SEO plugin v27.4 - https:\/\/yoast.com\/product\/yoast-seo-wordpress\/ -->\n<title>Contacto - Molussia Editores<\/title>\n<meta name=\"robots\" content=\"index, follow, max-snippet:-1, max-image-preview:large, max-video-preview:-1\" \/>\n<link rel=\"canonical\" href=\"https:\/\/molussia.mustachecreative.com\/index.php\/contacto\/\" \/>\n<meta property=\"og:locale\" content=\"es_ES\" \/>\n<meta property=\"og:type\" content=\"article\" \/>\n<meta property=\"og:title\" content=\"Contacto - Molussia Editores\" \/>\n<meta property=\"og:description\" content=\"ContactoFormulario de contacto Si tienes una consulta, una propuesta o simplemente quieres escribirnos, puedes hacerlo a trav\u00e9s de este formulario. Leemos todos los mensajes con atenci\u00f3n y respondemos cuando el tiempo y el proyecto lo permiten. Tambi\u00e9n puedes enviarnos un mail a contacto@molussiaeditores.com\u00a1S\u00edguenos!\" \/>\n<meta property=\"og:url\" content=\"https:\/\/molussia.mustachecreative.com\/index.php\/contacto\/\" \/>\n<meta property=\"og:site_name\" content=\"Molussia Editores\" \/>\n<meta property=\"article:modified_time\" content=\"2026-04-15T11:12:04+00:00\" \/>\n<meta name=\"twitter:card\" content=\"summary_large_image\" \/>\n<meta name=\"twitter:label1\" content=\"Tiempo de lectura\" \/>\n\t<meta name=\"twitter:data1\" content=\"8 minutos\" \/>\n<script type=\"application\/ld+json\" class=\"yoast-schema-graph\">{\"@context\":\"https:\\\/\\\/schema.org\",\"@graph\":[{\"@type\":\"WebPage\",\"@id\":\"https:\\\/\\\/molussia.mustachecreative.com\\\/index.php\\\/contacto\\\/\",\"url\":\"https:\\\/\\\/molussia.mustachecreative.com\\\/index.php\\\/contacto\\\/\",\"name\":\"Contacto - Molussia Editores\",\"isPartOf\":{\"@id\":\"https:\\\/\\\/molussia.mustachecreative.com\\\/#website\"},\"datePublished\":\"2025-12-17T10:03:53+00:00\",\"dateModified\":\"2026-04-15T11:12:04+00:00\",\"breadcrumb\":{\"@id\":\"https:\\\/\\\/molussia.mustachecreative.com\\\/index.php\\\/contacto\\\/#breadcrumb\"},\"inLanguage\":\"es\",\"potentialAction\":[{\"@type\":\"ReadAction\",\"target\":[\"https:\\\/\\\/molussia.mustachecreative.com\\\/index.php\\\/contacto\\\/\"]}]},{\"@type\":\"BreadcrumbList\",\"@id\":\"https:\\\/\\\/molussia.mustachecreative.com\\\/index.php\\\/contacto\\\/#breadcrumb\",\"itemListElement\":[{\"@type\":\"ListItem\",\"position\":1,\"name\":\"Portada\",\"item\":\"https:\\\/\\\/molussia.mustachecreative.com\\\/\"},{\"@type\":\"ListItem\",\"position\":2,\"name\":\"Contacto\"}]},{\"@type\":\"WebSite\",\"@id\":\"https:\\\/\\\/molussia.mustachecreative.com\\\/#website\",\"url\":\"https:\\\/\\\/molussia.mustachecreative.com\\\/\",\"name\":\"Molussia Editores\",\"description\":\"\",\"potentialAction\":[{\"@type\":\"SearchAction\",\"target\":{\"@type\":\"EntryPoint\",\"urlTemplate\":\"https:\\\/\\\/molussia.mustachecreative.com\\\/?s={search_term_string}\"},\"query-input\":{\"@type\":\"PropertyValueSpecification\",\"valueRequired\":true,\"valueName\":\"search_term_string\"}}],\"inLanguage\":\"es\"}]}<\/script>\n<!-- \/ Yoast SEO plugin. -->","yoast_head_json":{"title":"Contacto - Molussia Editores","robots":{"index":"index","follow":"follow","max-snippet":"max-snippet:-1","max-image-preview":"max-image-preview:large","max-video-preview":"max-video-preview:-1"},"canonical":"https:\/\/molussia.mustachecreative.com\/index.php\/contacto\/","og_locale":"es_ES","og_type":"article","og_title":"Contacto - Molussia Editores","og_description":"ContactoFormulario de contacto Si tienes una consulta, una propuesta o simplemente quieres escribirnos, puedes hacerlo a trav\u00e9s de este formulario. Leemos todos los mensajes con atenci\u00f3n y respondemos cuando el tiempo y el proyecto lo permiten. Tambi\u00e9n puedes enviarnos un mail a contacto@molussiaeditores.com\u00a1S\u00edguenos!","og_url":"https:\/\/molussia.mustachecreative.com\/index.php\/contacto\/","og_site_name":"Molussia Editores","article_modified_time":"2026-04-15T11:12:04+00:00","twitter_card":"summary_large_image","twitter_misc":{"Tiempo de lectura":"8 minutos"},"schema":{"@context":"https:\/\/schema.org","@graph":[{"@type":"WebPage","@id":"https:\/\/molussia.mustachecreative.com\/index.php\/contacto\/","url":"https:\/\/molussia.mustachecreative.com\/index.php\/contacto\/","name":"Contacto - Molussia Editores","isPartOf":{"@id":"https:\/\/molussia.mustachecreative.com\/#website"},"datePublished":"2025-12-17T10:03:53+00:00","dateModified":"2026-04-15T11:12:04+00:00","breadcrumb":{"@id":"https:\/\/molussia.mustachecreative.com\/index.php\/contacto\/#breadcrumb"},"inLanguage":"es","potentialAction":[{"@type":"ReadAction","target":["https:\/\/molussia.mustachecreative.com\/index.php\/contacto\/"]}]},{"@type":"BreadcrumbList","@id":"https:\/\/molussia.mustachecreative.com\/index.php\/contacto\/#breadcrumb","itemListElement":[{"@type":"ListItem","position":1,"name":"Portada","item":"https:\/\/molussia.mustachecreative.com\/"},{"@type":"ListItem","position":2,"name":"Contacto"}]},{"@type":"WebSite","@id":"https:\/\/molussia.mustachecreative.com\/#website","url":"https:\/\/molussia.mustachecreative.com\/","name":"Molussia Editores","description":"","potentialAction":[{"@type":"SearchAction","target":{"@type":"EntryPoint","urlTemplate":"https:\/\/molussia.mustachecreative.com\/?s={search_term_string}"},"query-input":{"@type":"PropertyValueSpecification","valueRequired":true,"valueName":"search_term_string"}}],"inLanguage":"es"}]}},"_links":{"self":[{"href":"https:\/\/molussia.mustachecreative.com\/index.php\/wp-json\/wp\/v2\/pages\/32","targetHints":{"allow":["GET"]}}],"collection":[{"href":"https:\/\/molussia.mustachecreative.com\/index.php\/wp-json\/wp\/v2\/pages"}],"about":[{"href":"https:\/\/molussia.mustachecreative.com\/index.php\/wp-json\/wp\/v2\/types\/page"}],"author":[{"embeddable":true,"href":"https:\/\/molussia.mustachecreative.com\/index.php\/wp-json\/wp\/v2\/users\/1"}],"replies":[{"embeddable":true,"href":"https:\/\/molussia.mustachecreative.com\/index.php\/wp-json\/wp\/v2\/comments?post=32"}],"version-history":[{"count":26,"href":"https:\/\/molussia.mustachecreative.com\/index.php\/wp-json\/wp\/v2\/pages\/32\/revisions"}],"predecessor-version":[{"id":875,"href":"https:\/\/molussia.mustachecreative.com\/index.php\/wp-json\/wp\/v2\/pages\/32\/revisions\/875"}],"wp:attachment":[{"href":"https:\/\/molussia.mustachecreative.com\/index.php\/wp-json\/wp\/v2\/media?parent=32"}],"curies":[{"name":"wp","href":"https:\/\/api.w.org\/{rel}","templated":true}]}}