{"id":30,"date":"2025-12-17T11:03:40","date_gmt":"2025-12-17T10:03:40","guid":{"rendered":"https:\/\/molussia.mustachecreative.com\/?page_id=30"},"modified":"2026-04-15T12:55:58","modified_gmt":"2026-04-15T10:55:58","slug":"envio-de-manuscritos","status":"publish","type":"page","link":"https:\/\/molussia.mustachecreative.com\/index.php\/envio-de-manuscritos\/","title":{"rendered":"Env\u00edo de manuscritos"},"content":{"rendered":"<p>[et_pb_section fb_built=\u00bb1&#8243; custom_padding_last_edited=\u00bbon|tablet\u00bb admin_label=\u00bbHeader Section\u00bb _builder_version=\u00bb4.27.6&#8243; use_background_color_gradient=\u00bbon\u00bb background_color_gradient_stops=\u00bb#ffffff 15%|rgba(255,255,255,0) 100%\u00bb background_color_gradient_overlays_image=\u00bbon\u00bb background_color_gradient_start=\u00bb#ffffff\u00bb background_color_gradient_start_position=\u00bb40%\u00bb background_color_gradient_end=\u00bbrgba(255,255,255,0)\u00bb background_image=\u00bbhttps:\/\/molussia.mustachecreative.com\/wp-content\/uploads\/2025\/12\/Diseno-sin-titulo-2025-12-18T112043.691.png\u00bb background_position=\u00bbbottom_center\u00bb custom_padding=\u00bb8%|0px|8%|0px|true|false\u00bb custom_padding_tablet=\u00bb6%|0px|6%|0px|true|false\u00bb custom_padding_phone=\u00bb6%|0px|6%|0px|true|false\u00bb locked=\u00bboff\u00bb global_colors_info=\u00bb{}\u00bb][et_pb_row admin_label=\u00bbHeader Row\u00bb _builder_version=\u00bb4.27.6&#8243; global_colors_info=\u00bb{}\u00bb][et_pb_column type=\u00bb4_4&#8243; _builder_version=\u00bb4.16&#8243; custom_padding=\u00bb|||\u00bb global_colors_info=\u00bb{}\u00bb custom_padding__hover=\u00bb|||\u00bb][et_pb_text _builder_version=\u00bb4.27.6&#8243; text_font=\u00bbOpen Sans|600|||||||\u00bb text_font_size=\u00bb16px\u00bb text_line_height=\u00bb1.8em\u00bb header_font=\u00bbCormorant Garamond|600||on|||||\u00bb header_font_size=\u00bb60px\u00bb header_letter_spacing=\u00bb5px\u00bb header_line_height=\u00bb1.4em\u00bb text_orientation=\u00bbcenter\u00bb module_alignment=\u00bbcenter\u00bb animation_style=\u00bbfade\u00bb hover_enabled=\u00bb0&#8243; header_font_size_tablet=\u00bb45px\u00bb header_font_size_phone=\u00bb35px\u00bb header_font_size_last_edited=\u00bbon|tablet\u00bb header_letter_spacing_tablet=\u00bb5px\u00bb header_letter_spacing_phone=\u00bb3px\u00bb header_letter_spacing_last_edited=\u00bbon|phone\u00bb global_colors_info=\u00bb{}\u00bb sticky_enabled=\u00bb0&#8243;]<\/p>\n<h1>Env\u00edo de manuscritos<\/h1>\n<p>[\/et_pb_text][\/et_pb_column][\/et_pb_row][\/et_pb_section][et_pb_section fb_built=\u00bb1&#8243; _builder_version=\u00bb4.27.6&#8243; _module_preset=\u00bbdefault\u00bb hover_enabled=\u00bb0&#8243; global_colors_info=\u00bb{}\u00bb custom_padding_last_edited=\u00bbon|tablet\u00bb custom_padding_tablet=\u00bb20px||20px||true|false\u00bb sticky_enabled=\u00bb0&#8243; custom_padding_phone=\u00bb20px||20px||true|false\u00bb][et_pb_row column_structure=\u00bb1_2,1_2&#8243; make_equal=\u00bbon\u00bb _builder_version=\u00bb4.27.6&#8243; _module_preset=\u00bbdefault\u00bb hover_enabled=\u00bb0&#8243; global_colors_info=\u00bb{}\u00bb custom_padding_last_edited=\u00bbon|tablet\u00bb custom_padding_tablet=\u00bb||||false|false\u00bb sticky_enabled=\u00bb0&#8243; custom_padding_phone=\u00bb||||false|false\u00bb][et_pb_column type=\u00bb1_2&#8243; _builder_version=\u00bb4.27.6&#8243; _module_preset=\u00bbdefault\u00bb custom_css_main_element=\u00bbalign-content: center;\u00bb global_colors_info=\u00bb{}\u00bb][et_pb_text _builder_version=\u00bb4.27.6&#8243; _module_preset=\u00bbdefault\u00bb text_font=\u00bbCormorant Garamond||||||||\u00bb text_text_color=\u00bb#000000&#8243; text_font_size=\u00bb18px\u00bb link_font=\u00bb|700|||on|||#000000|\u00bb link_text_color=\u00bb#000000&#8243; header_2_font_size=\u00bb22px\u00bb hover_enabled=\u00bb0&#8243; global_colors_info=\u00bb{}\u00bb text_font_size_last_edited=\u00bbon|tablet\u00bb sticky_enabled=\u00bb0&#8243; text_font_size_phone=\u00bb16px\u00bb text_font_size_tablet=\u00bb18px\u00bb]<\/p>\n<p>Molussia Editores acepta el env\u00edo de manuscritos siempre que se ajusten a su l\u00ednea editorial centrada en el ensayo y la literatura.<\/p>\n<p>Los textos deben ser in\u00e9ditos y enviarse en formato PDF, acompa\u00f1ados de una breve biograf\u00eda del autor y una sinopsis de la obra.<\/p>\n<p>El env\u00edo debe realizarse por correo electr\u00f3nico. Debido al volumen de propuestas recibidas, solo se contactar\u00e1 con los autores cuyos textos sean seleccionados.<\/p>\n<p>Correo de env\u00edo: <a href=\"mailto:contacto@molussiaeditores.com\">contacto@molussiaeditores.com<\/a><\/p>\n<p>[\/et_pb_text][\/et_pb_column][et_pb_column type=\u00bb1_2&#8243; _builder_version=\u00bb4.27.5&#8243; _module_preset=\u00bbdefault\u00bb global_colors_info=\u00bb{}\u00bb][et_pb_image src=\u00bbhttps:\/\/molussia.mustachecreative.com\/wp-content\/uploads\/2026\/04\/Foto-manuscritos.jpg\u00bb title_text=\u00bbFoto manuscritos\u00bb _builder_version=\u00bb4.27.6&#8243; _module_preset=\u00bbdefault\u00bb global_colors_info=\u00bb{}\u00bb][\/et_pb_image][\/et_pb_column][\/et_pb_row][\/et_pb_section]<\/p>\n","protected":false},"excerpt":{"rendered":"<p>Env\u00edo de manuscritosMolussia Editores acepta el env\u00edo de manuscritos siempre que se ajusten a su l\u00ednea editorial centrada en el ensayo y la literatura. Los textos deben ser in\u00e9ditos y enviarse en formato PDF, acompa\u00f1ados de una breve biograf\u00eda del autor y una sinopsis de la obra. El env\u00edo debe realizarse por correo electr\u00f3nico. Debido [&hellip;]<\/p>\n","protected":false},"author":1,"featured_media":0,"parent":0,"menu_order":0,"comment_status":"closed","ping_status":"closed","template":"","meta":{"_et_pb_use_builder":"on","_et_pb_old_content":"<!-- wp:divi\/placeholder \/-->","_et_gb_content_width":"","footnotes":""},"class_list":["post-30","page","type-page","status-publish","hentry"],"yoast_head":"<!-- This site is optimized with the Yoast SEO plugin v27.4 - https:\/\/yoast.com\/product\/yoast-seo-wordpress\/ -->\n<title>Env\u00edo de manuscritos - Molussia Editores<\/title>\n<meta name=\"robots\" content=\"index, follow, max-snippet:-1, max-image-preview:large, max-video-preview:-1\" \/>\n<link rel=\"canonical\" href=\"https:\/\/molussia.mustachecreative.com\/index.php\/envio-de-manuscritos\/\" \/>\n<meta property=\"og:locale\" content=\"es_ES\" \/>\n<meta property=\"og:type\" content=\"article\" \/>\n<meta property=\"og:title\" content=\"Env\u00edo de manuscritos - Molussia Editores\" \/>\n<meta property=\"og:description\" content=\"Env\u00edo de manuscritosMolussia Editores acepta el env\u00edo de manuscritos siempre que se ajusten a su l\u00ednea editorial centrada en el ensayo y la literatura. Los textos deben ser in\u00e9ditos y enviarse en formato PDF, acompa\u00f1ados de una breve biograf\u00eda del autor y una sinopsis de la obra. El env\u00edo debe realizarse por correo electr\u00f3nico. Debido [&hellip;]\" \/>\n<meta property=\"og:url\" content=\"https:\/\/molussia.mustachecreative.com\/index.php\/envio-de-manuscritos\/\" \/>\n<meta property=\"og:site_name\" content=\"Molussia Editores\" \/>\n<meta property=\"article:modified_time\" content=\"2026-04-15T10:55:58+00:00\" \/>\n<meta name=\"twitter:card\" content=\"summary_large_image\" \/>\n<meta name=\"twitter:label1\" content=\"Tiempo de lectura\" \/>\n\t<meta name=\"twitter:data1\" content=\"2 minutos\" \/>\n<script type=\"application\/ld+json\" class=\"yoast-schema-graph\">{\"@context\":\"https:\\\/\\\/schema.org\",\"@graph\":[{\"@type\":\"WebPage\",\"@id\":\"https:\\\/\\\/molussia.mustachecreative.com\\\/index.php\\\/envio-de-manuscritos\\\/\",\"url\":\"https:\\\/\\\/molussia.mustachecreative.com\\\/index.php\\\/envio-de-manuscritos\\\/\",\"name\":\"Env\u00edo de manuscritos - Molussia Editores\",\"isPartOf\":{\"@id\":\"https:\\\/\\\/molussia.mustachecreative.com\\\/#website\"},\"datePublished\":\"2025-12-17T10:03:40+00:00\",\"dateModified\":\"2026-04-15T10:55:58+00:00\",\"breadcrumb\":{\"@id\":\"https:\\\/\\\/molussia.mustachecreative.com\\\/index.php\\\/envio-de-manuscritos\\\/#breadcrumb\"},\"inLanguage\":\"es\",\"potentialAction\":[{\"@type\":\"ReadAction\",\"target\":[\"https:\\\/\\\/molussia.mustachecreative.com\\\/index.php\\\/envio-de-manuscritos\\\/\"]}]},{\"@type\":\"BreadcrumbList\",\"@id\":\"https:\\\/\\\/molussia.mustachecreative.com\\\/index.php\\\/envio-de-manuscritos\\\/#breadcrumb\",\"itemListElement\":[{\"@type\":\"ListItem\",\"position\":1,\"name\":\"Portada\",\"item\":\"https:\\\/\\\/molussia.mustachecreative.com\\\/\"},{\"@type\":\"ListItem\",\"position\":2,\"name\":\"Env\u00edo de manuscritos\"}]},{\"@type\":\"WebSite\",\"@id\":\"https:\\\/\\\/molussia.mustachecreative.com\\\/#website\",\"url\":\"https:\\\/\\\/molussia.mustachecreative.com\\\/\",\"name\":\"Molussia Editores\",\"description\":\"\",\"potentialAction\":[{\"@type\":\"SearchAction\",\"target\":{\"@type\":\"EntryPoint\",\"urlTemplate\":\"https:\\\/\\\/molussia.mustachecreative.com\\\/?s={search_term_string}\"},\"query-input\":{\"@type\":\"PropertyValueSpecification\",\"valueRequired\":true,\"valueName\":\"search_term_string\"}}],\"inLanguage\":\"es\"}]}<\/script>\n<!-- \/ Yoast SEO plugin. -->","yoast_head_json":{"title":"Env\u00edo de manuscritos - Molussia Editores","robots":{"index":"index","follow":"follow","max-snippet":"max-snippet:-1","max-image-preview":"max-image-preview:large","max-video-preview":"max-video-preview:-1"},"canonical":"https:\/\/molussia.mustachecreative.com\/index.php\/envio-de-manuscritos\/","og_locale":"es_ES","og_type":"article","og_title":"Env\u00edo de manuscritos - Molussia Editores","og_description":"Env\u00edo de manuscritosMolussia Editores acepta el env\u00edo de manuscritos siempre que se ajusten a su l\u00ednea editorial centrada en el ensayo y la literatura. Los textos deben ser in\u00e9ditos y enviarse en formato PDF, acompa\u00f1ados de una breve biograf\u00eda del autor y una sinopsis de la obra. El env\u00edo debe realizarse por correo electr\u00f3nico. Debido [&hellip;]","og_url":"https:\/\/molussia.mustachecreative.com\/index.php\/envio-de-manuscritos\/","og_site_name":"Molussia Editores","article_modified_time":"2026-04-15T10:55:58+00:00","twitter_card":"summary_large_image","twitter_misc":{"Tiempo de lectura":"2 minutos"},"schema":{"@context":"https:\/\/schema.org","@graph":[{"@type":"WebPage","@id":"https:\/\/molussia.mustachecreative.com\/index.php\/envio-de-manuscritos\/","url":"https:\/\/molussia.mustachecreative.com\/index.php\/envio-de-manuscritos\/","name":"Env\u00edo de manuscritos - Molussia Editores","isPartOf":{"@id":"https:\/\/molussia.mustachecreative.com\/#website"},"datePublished":"2025-12-17T10:03:40+00:00","dateModified":"2026-04-15T10:55:58+00:00","breadcrumb":{"@id":"https:\/\/molussia.mustachecreative.com\/index.php\/envio-de-manuscritos\/#breadcrumb"},"inLanguage":"es","potentialAction":[{"@type":"ReadAction","target":["https:\/\/molussia.mustachecreative.com\/index.php\/envio-de-manuscritos\/"]}]},{"@type":"BreadcrumbList","@id":"https:\/\/molussia.mustachecreative.com\/index.php\/envio-de-manuscritos\/#breadcrumb","itemListElement":[{"@type":"ListItem","position":1,"name":"Portada","item":"https:\/\/molussia.mustachecreative.com\/"},{"@type":"ListItem","position":2,"name":"Env\u00edo de manuscritos"}]},{"@type":"WebSite","@id":"https:\/\/molussia.mustachecreative.com\/#website","url":"https:\/\/molussia.mustachecreative.com\/","name":"Molussia Editores","description":"","potentialAction":[{"@type":"SearchAction","target":{"@type":"EntryPoint","urlTemplate":"https:\/\/molussia.mustachecreative.com\/?s={search_term_string}"},"query-input":{"@type":"PropertyValueSpecification","valueRequired":true,"valueName":"search_term_string"}}],"inLanguage":"es"}]}},"_links":{"self":[{"href":"https:\/\/molussia.mustachecreative.com\/index.php\/wp-json\/wp\/v2\/pages\/30","targetHints":{"allow":["GET"]}}],"collection":[{"href":"https:\/\/molussia.mustachecreative.com\/index.php\/wp-json\/wp\/v2\/pages"}],"about":[{"href":"https:\/\/molussia.mustachecreative.com\/index.php\/wp-json\/wp\/v2\/types\/page"}],"author":[{"embeddable":true,"href":"https:\/\/molussia.mustachecreative.com\/index.php\/wp-json\/wp\/v2\/users\/1"}],"replies":[{"embeddable":true,"href":"https:\/\/molussia.mustachecreative.com\/index.php\/wp-json\/wp\/v2\/comments?post=30"}],"version-history":[{"count":7,"href":"https:\/\/molussia.mustachecreative.com\/index.php\/wp-json\/wp\/v2\/pages\/30\/revisions"}],"predecessor-version":[{"id":861,"href":"https:\/\/molussia.mustachecreative.com\/index.php\/wp-json\/wp\/v2\/pages\/30\/revisions\/861"}],"wp:attachment":[{"href":"https:\/\/molussia.mustachecreative.com\/index.php\/wp-json\/wp\/v2\/media?parent=30"}],"curies":[{"name":"wp","href":"https:\/\/api.w.org\/{rel}","templated":true}]}}