{"id":28,"date":"2025-12-17T11:03:17","date_gmt":"2025-12-17T10:03:17","guid":{"rendered":"https:\/\/molussia.mustachecreative.com\/?page_id=28"},"modified":"2026-04-15T12:53:25","modified_gmt":"2026-04-15T10:53:25","slug":"quienes-somos","status":"publish","type":"page","link":"https:\/\/molussia.mustachecreative.com\/index.php\/quienes-somos\/","title":{"rendered":"Qui\u00e9nes somos"},"content":{"rendered":"<p>[et_pb_section fb_built=\u00bb1&#8243; custom_padding_last_edited=\u00bbon|tablet\u00bb admin_label=\u00bbHeader Section\u00bb _builder_version=\u00bb4.27.6&#8243; use_background_color_gradient=\u00bbon\u00bb background_color_gradient_stops=\u00bb#ffffff 15%|rgba(255,255,255,0) 100%\u00bb background_color_gradient_overlays_image=\u00bbon\u00bb background_color_gradient_start=\u00bb#ffffff\u00bb background_color_gradient_start_position=\u00bb40%\u00bb background_color_gradient_end=\u00bbrgba(255,255,255,0)\u00bb background_image=\u00bbhttps:\/\/molussia.mustachecreative.com\/wp-content\/uploads\/2025\/12\/Diseno-sin-titulo-2025-12-18T112043.691.png\u00bb background_position=\u00bbbottom_center\u00bb custom_padding=\u00bb8%|0px|8%|0px|true|false\u00bb custom_padding_tablet=\u00bb6%|0px|6%|0px|true|false\u00bb custom_padding_phone=\u00bb6%|0px|6%|0px|true|false\u00bb locked=\u00bboff\u00bb global_colors_info=\u00bb{}\u00bb][et_pb_row admin_label=\u00bbHeader Row\u00bb _builder_version=\u00bb4.27.6&#8243; global_colors_info=\u00bb{}\u00bb][et_pb_column type=\u00bb4_4&#8243; _builder_version=\u00bb4.16&#8243; custom_padding=\u00bb|||\u00bb global_colors_info=\u00bb{}\u00bb custom_padding__hover=\u00bb|||\u00bb][et_pb_text _builder_version=\u00bb4.27.6&#8243; text_font=\u00bbOpen Sans|600|||||||\u00bb text_font_size=\u00bb16px\u00bb text_line_height=\u00bb1.8em\u00bb header_font=\u00bbCormorant Garamond|600||on|||||\u00bb header_font_size=\u00bb60px\u00bb header_letter_spacing=\u00bb5px\u00bb header_line_height=\u00bb1.4em\u00bb text_orientation=\u00bbcenter\u00bb max_width=\u00bb700px\u00bb module_alignment=\u00bbcenter\u00bb animation_style=\u00bbfade\u00bb header_font_size_tablet=\u00bb45px\u00bb header_font_size_phone=\u00bb35px\u00bb header_font_size_last_edited=\u00bbon|tablet\u00bb header_letter_spacing_tablet=\u00bb5px\u00bb header_letter_spacing_phone=\u00bb3px\u00bb header_letter_spacing_last_edited=\u00bbon|phone\u00bb global_colors_info=\u00bb{}\u00bb]<\/p>\n<h1>Sobre nosotros<\/h1>\n<p>[\/et_pb_text][\/et_pb_column][\/et_pb_row][\/et_pb_section][et_pb_section fb_built=\u00bb1&#8243; custom_padding_last_edited=\u00bbon|phone\u00bb admin_label=\u00bbAbout\u00bb _builder_version=\u00bb4.27.6&#8243; _module_preset=\u00bbdefault\u00bb background_color=\u00bbgcid-dc7481a9-d70d-4c29-b152-17b0ba30940e\u00bb custom_padding_tablet=\u00bb0px||20px||false|false\u00bb custom_padding_phone=\u00bb0px||20px||false|false\u00bb collapsed=\u00bbon\u00bb global_colors_info=\u00bb{%22gcid-dc7481a9-d70d-4c29-b152-17b0ba30940e%22:%91%22background_color%22%93}\u00bb][et_pb_row column_structure=\u00bb1_2,1_2&#8243; _builder_version=\u00bb4.27.6&#8243; _module_preset=\u00bbdefault\u00bb global_colors_info=\u00bb{}\u00bb][et_pb_column type=\u00bb1_2&#8243; _builder_version=\u00bb4.27.6&#8243; _module_preset=\u00bbdefault\u00bb animation_style=\u00bbslide\u00bb animation_direction=\u00bbleft\u00bb global_colors_info=\u00bb{}\u00bb][et_pb_image src=\u00bbhttps:\/\/molussia.mustachecreative.com\/wp-content\/uploads\/2026\/04\/book-store-56.jpg\u00bb title_text=\u00bbbook-store-56&#8243; disabled_on=\u00bbon|on|off\u00bb _builder_version=\u00bb4.27.6&#8243; _module_preset=\u00bbdefault\u00bb max_width_tablet=\u00bb64%\u00bb max_width_phone=\u00bb64%\u00bb max_width_last_edited=\u00bbon|tablet\u00bb module_alignment_tablet=\u00bbcenter\u00bb module_alignment_phone=\u00bbcenter\u00bb module_alignment_last_edited=\u00bbon|tablet\u00bb box_shadow_style=\u00bbpreset4&#8243; box_shadow_horizontal=\u00bb20px\u00bb box_shadow_vertical=\u00bb20px\u00bb box_shadow_color=\u00bb#2a2b30&#8243; global_colors_info=\u00bb{}\u00bb][\/et_pb_image][\/et_pb_column][et_pb_column type=\u00bb1_2&#8243; _builder_version=\u00bb4.27.6&#8243; _module_preset=\u00bbdefault\u00bb custom_padding=\u00bb40px||||false|false\u00bb custom_padding_tablet=\u00bb0px||||false|false\u00bb custom_padding_phone=\u00bb0px||||false|false\u00bb custom_padding_last_edited=\u00bbon|phone\u00bb animation_style=\u00bbslide\u00bb animation_direction=\u00bbright\u00bb global_colors_info=\u00bb{}\u00bb][et_pb_text _builder_version=\u00bb4.27.6&#8243; _module_preset=\u00bbe7c6b104-2554-40d4-8af5-8325cc9d40e5&#8243; header_2_font=\u00bbCormorant Garamond|600|||||||\u00bb header_2_text_color=\u00bb#000000&#8243; header_2_font_size=\u00bb40px\u00bb custom_margin=\u00bb||10px||false|false\u00bb header_2_font_size_tablet=\u00bb30px\u00bb header_2_font_size_phone=\u00bb25px\u00bb global_colors_info=\u00bb{}\u00bb]<\/p>\n<h2>Compartiendo la magia de los libros<\/h2>\n<p>[\/et_pb_text][et_pb_text _builder_version=\u00bb4.27.6&#8243; _module_preset=\u00bb136b0c08-c79f-408b-9412-926cef3ec2fb\u00bb text_font=\u00bbCormorant Garamond|500|||||||\u00bb text_text_color=\u00bb#000000&#8243; text_font_size=\u00bb18px\u00bb text_font_size_tablet=\u00bb16px\u00bb text_font_size_phone=\u00bb16px\u00bb text_font_size_last_edited=\u00bbon|tablet\u00bb global_colors_info=\u00bb{}\u00bb]<\/p>\n<p>Nuestro amor por los libros nos llev\u00f3 a crear nuestra propia editorial, con el deseo de compartir lecturas que consideramos necesarias, sugerentes e intelectualmente estimulantes. Creemos que entre la lectura y la edici\u00f3n de un libro existe un trayecto decisivo, en el que confluyen m\u00faltiples fases. La lectura atraviesa cada una de ellas: de ella dependen la luz, las sombras y la oscuridad que finalmente quedan impresas.<\/p>\n<p>Escribir y leer son actividades hermanas. Por eso concebimos la edici\u00f3n como un trabajo de lectura atenta, de contextualizaci\u00f3n y de cuidado formal, entendiendo el libro como un espacio para la imaginaci\u00f3n, la reflexi\u00f3n y el di\u00e1logo.<\/p>\n<p>Creemos que no solo los libros tienen la posibilidad de ser le\u00eddos; tambi\u00e9n los lectores tienen la posibilidad de \u201ccultivar su esp\u00edritu\u201d a trav\u00e9s de la lectura.<\/p>\n<p>[\/et_pb_text][et_pb_image src=\u00bbhttps:\/\/molussia.mustachecreative.com\/wp-content\/uploads\/2026\/04\/13f21fbe-533c-4110-b428-970be8139c4c.jpg\u00bb title_text=\u00bb13f21fbe-533c-4110-b428-970be8139c4c\u00bb disabled_on=\u00bboff|off|on\u00bb _builder_version=\u00bb4.27.6&#8243; _module_preset=\u00bbdefault\u00bb max_width_tablet=\u00bb80%\u00bb max_width_phone=\u00bb100%\u00bb max_width_last_edited=\u00bbon|tablet\u00bb module_alignment_tablet=\u00bbcenter\u00bb module_alignment_phone=\u00bbcenter\u00bb module_alignment_last_edited=\u00bbon|tablet\u00bb box_shadow_style=\u00bbpreset4&#8243; box_shadow_horizontal=\u00bb20px\u00bb box_shadow_vertical=\u00bb20px\u00bb box_shadow_color=\u00bb#2a2b30&#8243; global_colors_info=\u00bb{}\u00bb][\/et_pb_image][\/et_pb_column][\/et_pb_row][\/et_pb_section][et_pb_section fb_built=\u00bb1&#8243; custom_padding_last_edited=\u00bbon|phone\u00bb admin_label=\u00bbFeatures\u00bb _builder_version=\u00bb4.27.6&#8243; _module_preset=\u00bbdefault\u00bb background_color=\u00bbgcid-dc7481a9-d70d-4c29-b152-17b0ba30940e\u00bb custom_padding=\u00bb20px||50px||false|false\u00bb custom_padding_tablet=\u00bb||20px||false|false\u00bb custom_padding_phone=\u00bb||20px||false|false\u00bb collapsed=\u00bbon\u00bb global_colors_info=\u00bb{%22gcid-dc7481a9-d70d-4c29-b152-17b0ba30940e%22:%91%22background_color%22%93}\u00bb][et_pb_row column_structure=\u00bb2_3,1_3&#8243; make_equal=\u00bbon\u00bb custom_padding_last_edited=\u00bbon|tablet\u00bb _builder_version=\u00bb4.27.6&#8243; _module_preset=\u00bbdefault\u00bb custom_padding_tablet=\u00bb0px||||false|false\u00bb custom_padding_phone=\u00bb0px||||false|false\u00bb global_colors_info=\u00bb{}\u00bb][et_pb_column type=\u00bb2_3&#8243; _builder_version=\u00bb4.27.6&#8243; _module_preset=\u00bbdefault\u00bb animation_style=\u00bbslide\u00bb animation_delay=\u00bb700ms\u00bb custom_css_main_element=\u00bbalign-content: center;\u00bb global_colors_info=\u00bb{}\u00bb][et_pb_text _builder_version=\u00bb4.27.6&#8243; _module_preset=\u00bbbb1334db-dc2f-4b0a-b8cb-760bd50ed424&#8243; text_font=\u00bbCormorant Garamond|700|||||||\u00bb text_text_color=\u00bb#2a2b30&#8243; text_font_size=\u00bb26px\u00bb text_line_height=\u00bb1.4em\u00bb header_3_font=\u00bbInter|700|||||||\u00bb header_3_text_color=\u00bb#2a2b30&#8243; header_3_font_size=\u00bb24px\u00bb header_3_line_height=\u00bb1.4em\u00bb header_4_text_color=\u00bb#2a2b30&#8243; custom_margin=\u00bb||0px||false|false\u00bb text_font_size_tablet=\u00bb24px\u00bb text_font_size_phone=\u00bb22px\u00bb text_font_size_last_edited=\u00bbon|tablet\u00bb text_orientation_tablet=\u00bbcenter\u00bb text_orientation_phone=\u00bbcenter\u00bb text_orientation_last_edited=\u00bbon|tablet\u00bb global_colors_info=\u00bb{}\u00bb]<\/p>\n<p>La apertura de nuestro cat\u00e1logo con G\u00fcnther Anders define nuestra l\u00ednea editorial: textos que interpelan al lector y cuestionan el mundo contempor\u00e1neo.<\/p>\n<p>El nombre \u00abMolussia\u00bb procede de su novela <em>La catacumba de Molussia<\/em>.<\/p>\n<p>[\/et_pb_text][et_pb_image src=\u00bbhttps:\/\/molussia.mustachecreative.com\/wp-content\/uploads\/2026\/03\/d41adfeb16da482897ad83b1f6ec898e4pKYycMejVUPjtUO-0.jpg\u00bb title_text=\u00bbd41adfeb16da482897ad83b1f6ec898e4pKYycMejVUPjtUO-0&#8243; disabled_on=\u00bboff|off|on\u00bb _builder_version=\u00bb4.27.6&#8243; _module_preset=\u00bbdefault\u00bb max_width_tablet=\u00bb55%\u00bb max_width_phone=\u00bb85%\u00bb max_width_last_edited=\u00bbon|tablet\u00bb custom_margin_tablet=\u00bb20px||||false|false\u00bb custom_margin_phone=\u00bb||||false|false\u00bb custom_margin_last_edited=\u00bbon|tablet\u00bb module_alignment_tablet=\u00bbcenter\u00bb module_alignment_phone=\u00bbcenter\u00bb module_alignment_last_edited=\u00bbon|tablet\u00bb box_shadow_style=\u00bbpreset4&#8243; box_shadow_horizontal=\u00bb20px\u00bb box_shadow_vertical=\u00bb20px\u00bb box_shadow_color=\u00bb#2a2b30&#8243; global_colors_info=\u00bb{}\u00bb][\/et_pb_image][et_pb_button button_url=\u00bb\/index.php\/producto\/escultura-sintecho\/\u00bb button_text=\u00bbC\u00f3mpralo hoy\u00bb button_alignment_tablet=\u00bbcenter\u00bb button_alignment_phone=\u00bbcenter\u00bb button_alignment_last_edited=\u00bbon|tablet\u00bb _builder_version=\u00bb4.27.6&#8243; _module_preset=\u00bbf3896652-9e2b-408b-908c-f0496166855a\u00bb button_text_color=\u00bb#000000&#8243; button_border_color=\u00bb#000000&#8243; button_font=\u00bbCormorant Garamond|700||on|||||\u00bb custom_margin=\u00bb25px||||false|false\u00bb custom_margin_tablet=\u00bb45px||||false|false\u00bb custom_margin_phone=\u00bb50px||||false|false\u00bb custom_margin_last_edited=\u00bbon|tablet\u00bb global_colors_info=\u00bb{%22gcid-9d0cae7c-074f-4d45-9577-f64cb1aa2c6b%22:%91%22button_text_color%22%93}\u00bb][\/et_pb_button][\/et_pb_column][et_pb_column type=\u00bb1_3&#8243; _builder_version=\u00bb4.27.6&#8243; _module_preset=\u00bbdefault\u00bb animation_style=\u00bbfade\u00bb global_colors_info=\u00bb{}\u00bb][et_pb_image src=\u00bbhttps:\/\/molussia.mustachecreative.com\/wp-content\/uploads\/2026\/03\/d41adfeb16da482897ad83b1f6ec898e4pKYycMejVUPjtUO-0.jpg\u00bb title_text=\u00bbd41adfeb16da482897ad83b1f6ec898e4pKYycMejVUPjtUO-0&#8243; disabled_on=\u00bbon|on|off\u00bb _builder_version=\u00bb4.27.6&#8243; _module_preset=\u00bbdefault\u00bb box_shadow_style=\u00bbpreset4&#8243; box_shadow_horizontal=\u00bb20px\u00bb box_shadow_vertical=\u00bb20px\u00bb box_shadow_color=\u00bb#2a2b30&#8243; global_colors_info=\u00bb{}\u00bb][\/et_pb_image][\/et_pb_column][\/et_pb_row][\/et_pb_section]<\/p>\n","protected":false},"excerpt":{"rendered":"<p>Sobre nosotrosCompartiendo la magia de los librosNuestro amor por los libros nos llev\u00f3 a crear nuestra propia editorial, con el deseo de compartir lecturas que consideramos necesarias, sugerentes e intelectualmente estimulantes. Creemos que entre la lectura y la edici\u00f3n de un libro existe un trayecto decisivo, en el que confluyen m\u00faltiples fases. La lectura atraviesa [&hellip;]<\/p>\n","protected":false},"author":1,"featured_media":0,"parent":0,"menu_order":0,"comment_status":"closed","ping_status":"closed","template":"","meta":{"_et_pb_use_builder":"on","_et_pb_old_content":"<!-- wp:divi\/placeholder \/-->","_et_gb_content_width":"","footnotes":""},"class_list":["post-28","page","type-page","status-publish","hentry"],"yoast_head":"<!-- This site is optimized with the Yoast SEO plugin v27.4 - https:\/\/yoast.com\/product\/yoast-seo-wordpress\/ -->\n<title>Qui\u00e9nes somos - Molussia Editores<\/title>\n<meta name=\"robots\" content=\"index, follow, max-snippet:-1, max-image-preview:large, max-video-preview:-1\" \/>\n<link rel=\"canonical\" href=\"https:\/\/molussia.mustachecreative.com\/index.php\/quienes-somos\/\" \/>\n<meta property=\"og:locale\" content=\"es_ES\" \/>\n<meta property=\"og:type\" content=\"article\" \/>\n<meta property=\"og:title\" content=\"Qui\u00e9nes somos - Molussia Editores\" \/>\n<meta property=\"og:description\" content=\"Sobre nosotrosCompartiendo la magia de los librosNuestro amor por los libros nos llev\u00f3 a crear nuestra propia editorial, con el deseo de compartir lecturas que consideramos necesarias, sugerentes e intelectualmente estimulantes. Creemos que entre la lectura y la edici\u00f3n de un libro existe un trayecto decisivo, en el que confluyen m\u00faltiples fases. La lectura atraviesa [&hellip;]\" \/>\n<meta property=\"og:url\" content=\"https:\/\/molussia.mustachecreative.com\/index.php\/quienes-somos\/\" \/>\n<meta property=\"og:site_name\" content=\"Molussia Editores\" \/>\n<meta property=\"article:modified_time\" content=\"2026-04-15T10:53:25+00:00\" \/>\n<meta name=\"twitter:card\" content=\"summary_large_image\" \/>\n<meta name=\"twitter:label1\" content=\"Tiempo de lectura\" \/>\n\t<meta name=\"twitter:data1\" content=\"7 minutos\" \/>\n<script type=\"application\/ld+json\" class=\"yoast-schema-graph\">{\"@context\":\"https:\\\/\\\/schema.org\",\"@graph\":[{\"@type\":\"WebPage\",\"@id\":\"https:\\\/\\\/molussia.mustachecreative.com\\\/index.php\\\/quienes-somos\\\/\",\"url\":\"https:\\\/\\\/molussia.mustachecreative.com\\\/index.php\\\/quienes-somos\\\/\",\"name\":\"Qui\u00e9nes somos - Molussia Editores\",\"isPartOf\":{\"@id\":\"https:\\\/\\\/molussia.mustachecreative.com\\\/#website\"},\"datePublished\":\"2025-12-17T10:03:17+00:00\",\"dateModified\":\"2026-04-15T10:53:25+00:00\",\"breadcrumb\":{\"@id\":\"https:\\\/\\\/molussia.mustachecreative.com\\\/index.php\\\/quienes-somos\\\/#breadcrumb\"},\"inLanguage\":\"es\",\"potentialAction\":[{\"@type\":\"ReadAction\",\"target\":[\"https:\\\/\\\/molussia.mustachecreative.com\\\/index.php\\\/quienes-somos\\\/\"]}]},{\"@type\":\"BreadcrumbList\",\"@id\":\"https:\\\/\\\/molussia.mustachecreative.com\\\/index.php\\\/quienes-somos\\\/#breadcrumb\",\"itemListElement\":[{\"@type\":\"ListItem\",\"position\":1,\"name\":\"Portada\",\"item\":\"https:\\\/\\\/molussia.mustachecreative.com\\\/\"},{\"@type\":\"ListItem\",\"position\":2,\"name\":\"Qui\u00e9nes somos\"}]},{\"@type\":\"WebSite\",\"@id\":\"https:\\\/\\\/molussia.mustachecreative.com\\\/#website\",\"url\":\"https:\\\/\\\/molussia.mustachecreative.com\\\/\",\"name\":\"Molussia Editores\",\"description\":\"\",\"potentialAction\":[{\"@type\":\"SearchAction\",\"target\":{\"@type\":\"EntryPoint\",\"urlTemplate\":\"https:\\\/\\\/molussia.mustachecreative.com\\\/?s={search_term_string}\"},\"query-input\":{\"@type\":\"PropertyValueSpecification\",\"valueRequired\":true,\"valueName\":\"search_term_string\"}}],\"inLanguage\":\"es\"}]}<\/script>\n<!-- \/ Yoast SEO plugin. -->","yoast_head_json":{"title":"Qui\u00e9nes somos - Molussia Editores","robots":{"index":"index","follow":"follow","max-snippet":"max-snippet:-1","max-image-preview":"max-image-preview:large","max-video-preview":"max-video-preview:-1"},"canonical":"https:\/\/molussia.mustachecreative.com\/index.php\/quienes-somos\/","og_locale":"es_ES","og_type":"article","og_title":"Qui\u00e9nes somos - Molussia Editores","og_description":"Sobre nosotrosCompartiendo la magia de los librosNuestro amor por los libros nos llev\u00f3 a crear nuestra propia editorial, con el deseo de compartir lecturas que consideramos necesarias, sugerentes e intelectualmente estimulantes. Creemos que entre la lectura y la edici\u00f3n de un libro existe un trayecto decisivo, en el que confluyen m\u00faltiples fases. La lectura atraviesa [&hellip;]","og_url":"https:\/\/molussia.mustachecreative.com\/index.php\/quienes-somos\/","og_site_name":"Molussia Editores","article_modified_time":"2026-04-15T10:53:25+00:00","twitter_card":"summary_large_image","twitter_misc":{"Tiempo de lectura":"7 minutos"},"schema":{"@context":"https:\/\/schema.org","@graph":[{"@type":"WebPage","@id":"https:\/\/molussia.mustachecreative.com\/index.php\/quienes-somos\/","url":"https:\/\/molussia.mustachecreative.com\/index.php\/quienes-somos\/","name":"Qui\u00e9nes somos - Molussia Editores","isPartOf":{"@id":"https:\/\/molussia.mustachecreative.com\/#website"},"datePublished":"2025-12-17T10:03:17+00:00","dateModified":"2026-04-15T10:53:25+00:00","breadcrumb":{"@id":"https:\/\/molussia.mustachecreative.com\/index.php\/quienes-somos\/#breadcrumb"},"inLanguage":"es","potentialAction":[{"@type":"ReadAction","target":["https:\/\/molussia.mustachecreative.com\/index.php\/quienes-somos\/"]}]},{"@type":"BreadcrumbList","@id":"https:\/\/molussia.mustachecreative.com\/index.php\/quienes-somos\/#breadcrumb","itemListElement":[{"@type":"ListItem","position":1,"name":"Portada","item":"https:\/\/molussia.mustachecreative.com\/"},{"@type":"ListItem","position":2,"name":"Qui\u00e9nes somos"}]},{"@type":"WebSite","@id":"https:\/\/molussia.mustachecreative.com\/#website","url":"https:\/\/molussia.mustachecreative.com\/","name":"Molussia Editores","description":"","potentialAction":[{"@type":"SearchAction","target":{"@type":"EntryPoint","urlTemplate":"https:\/\/molussia.mustachecreative.com\/?s={search_term_string}"},"query-input":{"@type":"PropertyValueSpecification","valueRequired":true,"valueName":"search_term_string"}}],"inLanguage":"es"}]}},"_links":{"self":[{"href":"https:\/\/molussia.mustachecreative.com\/index.php\/wp-json\/wp\/v2\/pages\/28","targetHints":{"allow":["GET"]}}],"collection":[{"href":"https:\/\/molussia.mustachecreative.com\/index.php\/wp-json\/wp\/v2\/pages"}],"about":[{"href":"https:\/\/molussia.mustachecreative.com\/index.php\/wp-json\/wp\/v2\/types\/page"}],"author":[{"embeddable":true,"href":"https:\/\/molussia.mustachecreative.com\/index.php\/wp-json\/wp\/v2\/users\/1"}],"replies":[{"embeddable":true,"href":"https:\/\/molussia.mustachecreative.com\/index.php\/wp-json\/wp\/v2\/comments?post=28"}],"version-history":[{"count":30,"href":"https:\/\/molussia.mustachecreative.com\/index.php\/wp-json\/wp\/v2\/pages\/28\/revisions"}],"predecessor-version":[{"id":846,"href":"https:\/\/molussia.mustachecreative.com\/index.php\/wp-json\/wp\/v2\/pages\/28\/revisions\/846"}],"wp:attachment":[{"href":"https:\/\/molussia.mustachecreative.com\/index.php\/wp-json\/wp\/v2\/media?parent=28"}],"curies":[{"name":"wp","href":"https:\/\/api.w.org\/{rel}","templated":true}]}}