{"id":254,"date":"2026-02-10T11:50:48","date_gmt":"2026-02-10T10:50:48","guid":{"rendered":"https:\/\/molussia.mustachecreative.com\/?page_id=254"},"modified":"2026-02-10T13:55:38","modified_gmt":"2026-02-10T12:55:38","slug":"accesibilidad","status":"publish","type":"page","link":"https:\/\/molussia.mustachecreative.com\/index.php\/accesibilidad\/","title":{"rendered":"Accesibilidad"},"content":{"rendered":"<p>[et_pb_section fb_built=\u00bb1&#8243; _builder_version=\u00bb4.27.5&#8243; _module_preset=\u00bbdefault\u00bb global_colors_info=\u00bb{}\u00bb theme_builder_area=\u00bbpost_content\u00bb][et_pb_row _builder_version=\u00bb4.27.5&#8243; _module_preset=\u00bbdefault\u00bb global_colors_info=\u00bb{}\u00bb theme_builder_area=\u00bbpost_content\u00bb][et_pb_column type=\u00bb4_4&#8243; _builder_version=\u00bb4.27.5&#8243; _module_preset=\u00bbdefault\u00bb global_colors_info=\u00bb{}\u00bb theme_builder_area=\u00bbpost_content\u00bb][et_pb_text _builder_version=\u00bb4.27.5&#8243; _module_preset=\u00bbdefault\u00bb header_font=\u00bbBodoni Moda||||||||\u00bb header_font_size=\u00bb40px\u00bb hover_enabled=\u00bb0&#8243; global_colors_info=\u00bb{}\u00bb theme_builder_area=\u00bbpost_content\u00bb sticky_enabled=\u00bb0&#8243;]<\/p>\n<h1>Accesibilidad<\/h1>\n<p>[\/et_pb_text][et_pb_text _builder_version=\u00bb4.27.5&#8243; _module_preset=\u00bbdefault\u00bb text_font_size=\u00bb16px\u00bb hover_enabled=\u00bb0&#8243; global_colors_info=\u00bb{}\u00bb theme_builder_area=\u00bbpost_content\u00bb header_2_font_size=\u00bb22px\u00bb sticky_enabled=\u00bb0&#8243;]<strong>Queremos que todo el mundo que visite la web de Jordi Anatomy se sienta bienvenido y encuentre la experiencia gratificante.<\/strong><\/p>\n<h2>\u00bfQU\u00c9 ESTAMOS HACIENDO?<\/h2>\n<p>Para ayudarnos a hacer de la web de Jordi Anatomy un sitio positivo para todos, hemos estado utilizando las Directrices de accesibilidad al contenido web (WCAG) 2.1. Estas directrices explican c\u00f3mo hacer que el contenido web sea m\u00e1s accesible para personas con discapacidad y f\u00e1cil de utilizar para todos.<br \/>\nLas directrices tienen tres niveles de accesibilidad (A, AA y AAA). Hemos escogido el nivel AA como objetivo de la web de Jordi Anatomy.<\/p>\n<h2>\u00bfC\u00d3MO LO HACEMOS?<\/h2>\n<p>Hemos trabajado mucho en la web de Jordi Anatomy y creemos que hemos alcanzado nuestro objetivo de accesibilidad de nivel AA. Supervisamos el sitio web peri\u00f3dicamente para mantenerlo, pero si encuentra alg\u00fan problema, p\u00f3ngase en contacto.<\/p>\n<h2>H\u00c1GANOS SABER QU\u00c9 LE PARECE<\/h2>\n<p>Si le ha gustado utilizar la web de Jordy Anatomy, o si ha tenido problemas con alguna parte de ella, p\u00f3ngase en contacto. Nos gustar\u00eda recibir noticias suyas de cualquiera de las siguientes formas: ll\u00e1manos al +34 622 18 77 54 o ponte en contacto a trav\u00e9s del formulario de nuestra web.[\/et_pb_text][\/et_pb_column][\/et_pb_row][\/et_pb_section]<\/p>\n","protected":false},"excerpt":{"rendered":"<p>AccesibilidadQueremos que todo el mundo que visite la web de Jordi Anatomy se sienta bienvenido y encuentre la experiencia gratificante. \u00bfQU\u00c9 ESTAMOS HACIENDO? Para ayudarnos a hacer de la web de Jordi Anatomy un sitio positivo para todos, hemos estado utilizando las Directrices de accesibilidad al contenido web (WCAG) 2.1. Estas directrices explican c\u00f3mo hacer [&hellip;]<\/p>\n","protected":false},"author":1,"featured_media":0,"parent":0,"menu_order":0,"comment_status":"closed","ping_status":"closed","template":"","meta":{"_et_pb_use_builder":"on","_et_pb_old_content":"<!-- wp:divi\/placeholder \/-->","_et_gb_content_width":"","footnotes":""},"class_list":["post-254","page","type-page","status-publish","hentry"],"yoast_head":"<!-- This site is optimized with the Yoast SEO plugin v27.4 - https:\/\/yoast.com\/product\/yoast-seo-wordpress\/ -->\n<title>Accesibilidad - Molussia Editores<\/title>\n<meta name=\"robots\" content=\"index, follow, max-snippet:-1, max-image-preview:large, max-video-preview:-1\" \/>\n<link rel=\"canonical\" href=\"https:\/\/molussia.mustachecreative.com\/index.php\/accesibilidad\/\" \/>\n<meta property=\"og:locale\" content=\"es_ES\" \/>\n<meta property=\"og:type\" content=\"article\" \/>\n<meta property=\"og:title\" content=\"Accesibilidad - Molussia Editores\" \/>\n<meta property=\"og:description\" content=\"AccesibilidadQueremos que todo el mundo que visite la web de Jordi Anatomy se sienta bienvenido y encuentre la experiencia gratificante. \u00bfQU\u00c9 ESTAMOS HACIENDO? Para ayudarnos a hacer de la web de Jordi Anatomy un sitio positivo para todos, hemos estado utilizando las Directrices de accesibilidad al contenido web (WCAG) 2.1. Estas directrices explican c\u00f3mo hacer [&hellip;]\" \/>\n<meta property=\"og:url\" content=\"https:\/\/molussia.mustachecreative.com\/index.php\/accesibilidad\/\" \/>\n<meta property=\"og:site_name\" content=\"Molussia Editores\" \/>\n<meta property=\"article:modified_time\" content=\"2026-02-10T12:55:38+00:00\" \/>\n<meta name=\"twitter:card\" content=\"summary_large_image\" \/>\n<script type=\"application\/ld+json\" class=\"yoast-schema-graph\">{\"@context\":\"https:\\\/\\\/schema.org\",\"@graph\":[{\"@type\":\"WebPage\",\"@id\":\"https:\\\/\\\/molussia.mustachecreative.com\\\/index.php\\\/accesibilidad\\\/\",\"url\":\"https:\\\/\\\/molussia.mustachecreative.com\\\/index.php\\\/accesibilidad\\\/\",\"name\":\"Accesibilidad - Molussia Editores\",\"isPartOf\":{\"@id\":\"https:\\\/\\\/molussia.mustachecreative.com\\\/#website\"},\"datePublished\":\"2026-02-10T10:50:48+00:00\",\"dateModified\":\"2026-02-10T12:55:38+00:00\",\"breadcrumb\":{\"@id\":\"https:\\\/\\\/molussia.mustachecreative.com\\\/index.php\\\/accesibilidad\\\/#breadcrumb\"},\"inLanguage\":\"es\",\"potentialAction\":[{\"@type\":\"ReadAction\",\"target\":[\"https:\\\/\\\/molussia.mustachecreative.com\\\/index.php\\\/accesibilidad\\\/\"]}]},{\"@type\":\"BreadcrumbList\",\"@id\":\"https:\\\/\\\/molussia.mustachecreative.com\\\/index.php\\\/accesibilidad\\\/#breadcrumb\",\"itemListElement\":[{\"@type\":\"ListItem\",\"position\":1,\"name\":\"Portada\",\"item\":\"https:\\\/\\\/molussia.mustachecreative.com\\\/\"},{\"@type\":\"ListItem\",\"position\":2,\"name\":\"Accesibilidad\"}]},{\"@type\":\"WebSite\",\"@id\":\"https:\\\/\\\/molussia.mustachecreative.com\\\/#website\",\"url\":\"https:\\\/\\\/molussia.mustachecreative.com\\\/\",\"name\":\"Molussia Editores\",\"description\":\"\",\"potentialAction\":[{\"@type\":\"SearchAction\",\"target\":{\"@type\":\"EntryPoint\",\"urlTemplate\":\"https:\\\/\\\/molussia.mustachecreative.com\\\/?s={search_term_string}\"},\"query-input\":{\"@type\":\"PropertyValueSpecification\",\"valueRequired\":true,\"valueName\":\"search_term_string\"}}],\"inLanguage\":\"es\"}]}<\/script>\n<!-- \/ Yoast SEO plugin. -->","yoast_head_json":{"title":"Accesibilidad - Molussia Editores","robots":{"index":"index","follow":"follow","max-snippet":"max-snippet:-1","max-image-preview":"max-image-preview:large","max-video-preview":"max-video-preview:-1"},"canonical":"https:\/\/molussia.mustachecreative.com\/index.php\/accesibilidad\/","og_locale":"es_ES","og_type":"article","og_title":"Accesibilidad - Molussia Editores","og_description":"AccesibilidadQueremos que todo el mundo que visite la web de Jordi Anatomy se sienta bienvenido y encuentre la experiencia gratificante. \u00bfQU\u00c9 ESTAMOS HACIENDO? Para ayudarnos a hacer de la web de Jordi Anatomy un sitio positivo para todos, hemos estado utilizando las Directrices de accesibilidad al contenido web (WCAG) 2.1. Estas directrices explican c\u00f3mo hacer [&hellip;]","og_url":"https:\/\/molussia.mustachecreative.com\/index.php\/accesibilidad\/","og_site_name":"Molussia Editores","article_modified_time":"2026-02-10T12:55:38+00:00","twitter_card":"summary_large_image","schema":{"@context":"https:\/\/schema.org","@graph":[{"@type":"WebPage","@id":"https:\/\/molussia.mustachecreative.com\/index.php\/accesibilidad\/","url":"https:\/\/molussia.mustachecreative.com\/index.php\/accesibilidad\/","name":"Accesibilidad - Molussia Editores","isPartOf":{"@id":"https:\/\/molussia.mustachecreative.com\/#website"},"datePublished":"2026-02-10T10:50:48+00:00","dateModified":"2026-02-10T12:55:38+00:00","breadcrumb":{"@id":"https:\/\/molussia.mustachecreative.com\/index.php\/accesibilidad\/#breadcrumb"},"inLanguage":"es","potentialAction":[{"@type":"ReadAction","target":["https:\/\/molussia.mustachecreative.com\/index.php\/accesibilidad\/"]}]},{"@type":"BreadcrumbList","@id":"https:\/\/molussia.mustachecreative.com\/index.php\/accesibilidad\/#breadcrumb","itemListElement":[{"@type":"ListItem","position":1,"name":"Portada","item":"https:\/\/molussia.mustachecreative.com\/"},{"@type":"ListItem","position":2,"name":"Accesibilidad"}]},{"@type":"WebSite","@id":"https:\/\/molussia.mustachecreative.com\/#website","url":"https:\/\/molussia.mustachecreative.com\/","name":"Molussia Editores","description":"","potentialAction":[{"@type":"SearchAction","target":{"@type":"EntryPoint","urlTemplate":"https:\/\/molussia.mustachecreative.com\/?s={search_term_string}"},"query-input":{"@type":"PropertyValueSpecification","valueRequired":true,"valueName":"search_term_string"}}],"inLanguage":"es"}]}},"_links":{"self":[{"href":"https:\/\/molussia.mustachecreative.com\/index.php\/wp-json\/wp\/v2\/pages\/254","targetHints":{"allow":["GET"]}}],"collection":[{"href":"https:\/\/molussia.mustachecreative.com\/index.php\/wp-json\/wp\/v2\/pages"}],"about":[{"href":"https:\/\/molussia.mustachecreative.com\/index.php\/wp-json\/wp\/v2\/types\/page"}],"author":[{"embeddable":true,"href":"https:\/\/molussia.mustachecreative.com\/index.php\/wp-json\/wp\/v2\/users\/1"}],"replies":[{"embeddable":true,"href":"https:\/\/molussia.mustachecreative.com\/index.php\/wp-json\/wp\/v2\/comments?post=254"}],"version-history":[{"count":3,"href":"https:\/\/molussia.mustachecreative.com\/index.php\/wp-json\/wp\/v2\/pages\/254\/revisions"}],"predecessor-version":[{"id":284,"href":"https:\/\/molussia.mustachecreative.com\/index.php\/wp-json\/wp\/v2\/pages\/254\/revisions\/284"}],"wp:attachment":[{"href":"https:\/\/molussia.mustachecreative.com\/index.php\/wp-json\/wp\/v2\/media?parent=254"}],"curies":[{"name":"wp","href":"https:\/\/api.w.org\/{rel}","templated":true}]}}